{"id":3688,"date":"2025-03-18T08:08:16","date_gmt":"2025-03-18T07:08:16","guid":{"rendered":"https:\/\/www.pervino.eu\/proizvod\/poesia-bijela-2\/"},"modified":"2025-07-14T23:16:27","modified_gmt":"2025-07-14T21:16:27","slug":"poesia-bijela","status":"publish","type":"product","link":"https:\/\/www.pervino.eu\/de\/produkt\/poesia-bijela\/","title":{"rendered":"Poesia bijela"},"content":{"rendered":"","protected":false},"excerpt":{"rendered":"<p>Wein und Poesie (Poesia) \u2013 beides ber\u00fchrt das Herz. Poesia Wei\u00df hat eine wundersch\u00f6ne gr\u00fcnlich-gelbe Farbe. Beim Einschenken ins Glas steigen zahlreiche feine und schnelle Perlen auf. Dominante Noten von Weinbergpfirsich werden von Nuancen gelber Apfel, Orangenschale und Croissant begleitet. Der Wein ist gut ausbalanciert, mit ausgepr\u00e4gter Geschmacksintensit\u00e4t und solider Persistenz. Er ist elegant, angenehm zu trinken und harmonisch, mit einer Note von Weinbergpfirsich, die im Nachgeschmack wiederkehrt.<\/p>\n<p>Serviertemperatur: 6-8 \u00b0C<\/p>\n<p>Speisenempfehlung: Kulinarisch hervorragend passend als Aperitif oder zu Kabeljau-Canap\u00e9s.<\/p>\n","protected":false},"featured_media":3307,"comment_status":"closed","ping_status":"closed","template":"","meta":{"_acf_changed":false},"product_brand":[],"product_cat":[144],"product_tag":[163,72],"class_list":{"0":"post-3688","1":"product","2":"type-product","3":"status-publish","4":"has-post-thumbnail","6":"product_cat-schaumweine","7":"product_tag-brut-de","8":"product_tag-weisswein","10":"first","11":"instock","12":"taxable","13":"shipping-taxable","14":"purchasable","15":"product-type-simple"},"acf":[],"yoast_head":"<!-- This site is optimized with the Yoast SEO plugin v26.0 - https:\/\/yoast.com\/wordpress\/plugins\/seo\/ -->\n<title>Poesia bijela - Pervino<\/title>\n<meta name=\"robots\" content=\"index, follow, max-snippet:-1, max-image-preview:large, max-video-preview:-1\" \/>\n<link rel=\"canonical\" href=\"https:\/\/www.pervino.eu\/de\/produkt\/poesia-bijela\/\" \/>\n<meta property=\"og:locale\" content=\"de_DE\" \/>\n<meta property=\"og:type\" content=\"article\" \/>\n<meta property=\"og:title\" content=\"Poesia bijela - Pervino\" \/>\n<meta property=\"og:description\" content=\"Wein und Poesie (Poesia) \u2013 beides ber\u00fchrt das Herz. Poesia Wei\u00df hat eine wundersch\u00f6ne gr\u00fcnlich-gelbe Farbe. Beim Einschenken ins Glas steigen zahlreiche feine und schnelle Perlen auf. Dominante Noten von Weinbergpfirsich werden von Nuancen gelber Apfel, Orangenschale und Croissant begleitet. Der Wein ist gut ausbalanciert, mit ausgepr\u00e4gter Geschmacksintensit\u00e4t und solider Persistenz. Er ist elegant, angenehm zu trinken und harmonisch, mit einer Note von Weinbergpfirsich, die im Nachgeschmack wiederkehrt.  Serviertemperatur: 6-8 \u00b0C  Speisenempfehlung: Kulinarisch hervorragend passend als Aperitif oder zu Kabeljau-Canap\u00e9s.\" \/>\n<meta property=\"og:url\" content=\"https:\/\/www.pervino.eu\/de\/produkt\/poesia-bijela\/\" \/>\n<meta property=\"og:site_name\" content=\"Pervino\" \/>\n<meta property=\"article:publisher\" content=\"https:\/\/www.facebook.com\/vinopp.pervino\/\" \/>\n<meta property=\"article:modified_time\" content=\"2025-07-14T21:16:27+00:00\" \/>\n<meta property=\"og:image\" content=\"https:\/\/www.pervino.eu\/wp-content\/uploads\/2025\/07\/pervino_poesia_1.png\" \/>\n\t<meta property=\"og:image:width\" content=\"191\" \/>\n\t<meta property=\"og:image:height\" content=\"700\" \/>\n\t<meta property=\"og:image:type\" content=\"image\/png\" \/>\n<meta name=\"twitter:card\" content=\"summary_large_image\" \/>\n<meta name=\"twitter:label1\" content=\"Gesch\u00e4tzte Lesezeit\" \/>\n\t<meta name=\"twitter:data1\" content=\"1\u00a0Minute\" \/>\n<script type=\"application\/ld+json\" class=\"yoast-schema-graph\">{\"@context\":\"https:\/\/schema.org\",\"@graph\":[{\"@type\":\"WebPage\",\"@id\":\"https:\/\/www.pervino.eu\/de\/produkt\/poesia-bijela\/\",\"url\":\"https:\/\/www.pervino.eu\/de\/produkt\/poesia-bijela\/\",\"name\":\"Poesia bijela - Pervino\",\"isPartOf\":{\"@id\":\"https:\/\/www.pervino.eu\/de\/#website\"},\"primaryImageOfPage\":{\"@id\":\"https:\/\/www.pervino.eu\/de\/produkt\/poesia-bijela\/#primaryimage\"},\"image\":{\"@id\":\"https:\/\/www.pervino.eu\/de\/produkt\/poesia-bijela\/#primaryimage\"},\"thumbnailUrl\":\"https:\/\/www.pervino.eu\/wp-content\/uploads\/2025\/07\/pervino_poesia_1.png\",\"datePublished\":\"2025-03-18T07:08:16+00:00\",\"dateModified\":\"2025-07-14T21:16:27+00:00\",\"breadcrumb\":{\"@id\":\"https:\/\/www.pervino.eu\/de\/produkt\/poesia-bijela\/#breadcrumb\"},\"inLanguage\":\"de\",\"potentialAction\":[{\"@type\":\"ReadAction\",\"target\":[\"https:\/\/www.pervino.eu\/de\/produkt\/poesia-bijela\/\"]}]},{\"@type\":\"ImageObject\",\"inLanguage\":\"de\",\"@id\":\"https:\/\/www.pervino.eu\/de\/produkt\/poesia-bijela\/#primaryimage\",\"url\":\"https:\/\/www.pervino.eu\/wp-content\/uploads\/2025\/07\/pervino_poesia_1.png\",\"contentUrl\":\"https:\/\/www.pervino.eu\/wp-content\/uploads\/2025\/07\/pervino_poesia_1.png\",\"width\":191,\"height\":700},{\"@type\":\"BreadcrumbList\",\"@id\":\"https:\/\/www.pervino.eu\/de\/produkt\/poesia-bijela\/#breadcrumb\",\"itemListElement\":[{\"@type\":\"ListItem\",\"position\":1,\"name\":\"Home\",\"item\":\"https:\/\/www.pervino.eu\/de\/\"},{\"@type\":\"ListItem\",\"position\":2,\"name\":\"Shop\",\"item\":\"https:\/\/www.pervino.eu\/de\/shop\/\"},{\"@type\":\"ListItem\",\"position\":3,\"name\":\"Poesia bijela\"}]},{\"@type\":\"WebSite\",\"@id\":\"https:\/\/www.pervino.eu\/de\/#website\",\"url\":\"https:\/\/www.pervino.eu\/de\/\",\"name\":\"Pervino\",\"description\":\"Vinarija u Novigradu\",\"publisher\":{\"@id\":\"https:\/\/www.pervino.eu\/de\/#organization\"},\"potentialAction\":[{\"@type\":\"SearchAction\",\"target\":{\"@type\":\"EntryPoint\",\"urlTemplate\":\"https:\/\/www.pervino.eu\/de\/?s={search_term_string}\"},\"query-input\":{\"@type\":\"PropertyValueSpecification\",\"valueRequired\":true,\"valueName\":\"search_term_string\"}}],\"inLanguage\":\"de\"},{\"@type\":\"Organization\",\"@id\":\"https:\/\/www.pervino.eu\/de\/#organization\",\"name\":\"Pervino\",\"url\":\"https:\/\/www.pervino.eu\/de\/\",\"logo\":{\"@type\":\"ImageObject\",\"inLanguage\":\"de\",\"@id\":\"https:\/\/www.pervino.eu\/de\/#\/schema\/logo\/image\/\",\"url\":\"https:\/\/www.pervino.eu\/wp-content\/uploads\/2018\/03\/pervino_logo.png\",\"contentUrl\":\"https:\/\/www.pervino.eu\/wp-content\/uploads\/2018\/03\/pervino_logo.png\",\"width\":500,\"height\":490,\"caption\":\"Pervino\"},\"image\":{\"@id\":\"https:\/\/www.pervino.eu\/de\/#\/schema\/logo\/image\/\"},\"sameAs\":[\"https:\/\/www.facebook.com\/vinopp.pervino\/\",\"https:\/\/www.instagram.com\/pervino_vinopp\/\"]}]}<\/script>\n<!-- \/ Yoast SEO plugin. -->","yoast_head_json":{"title":"Poesia bijela - Pervino","robots":{"index":"index","follow":"follow","max-snippet":"max-snippet:-1","max-image-preview":"max-image-preview:large","max-video-preview":"max-video-preview:-1"},"canonical":"https:\/\/www.pervino.eu\/de\/produkt\/poesia-bijela\/","og_locale":"de_DE","og_type":"article","og_title":"Poesia bijela - Pervino","og_description":"Wein und Poesie (Poesia) \u2013 beides ber\u00fchrt das Herz. Poesia Wei\u00df hat eine wundersch\u00f6ne gr\u00fcnlich-gelbe Farbe. Beim Einschenken ins Glas steigen zahlreiche feine und schnelle Perlen auf. Dominante Noten von Weinbergpfirsich werden von Nuancen gelber Apfel, Orangenschale und Croissant begleitet. Der Wein ist gut ausbalanciert, mit ausgepr\u00e4gter Geschmacksintensit\u00e4t und solider Persistenz. Er ist elegant, angenehm zu trinken und harmonisch, mit einer Note von Weinbergpfirsich, die im Nachgeschmack wiederkehrt.  Serviertemperatur: 6-8 \u00b0C  Speisenempfehlung: Kulinarisch hervorragend passend als Aperitif oder zu Kabeljau-Canap\u00e9s.","og_url":"https:\/\/www.pervino.eu\/de\/produkt\/poesia-bijela\/","og_site_name":"Pervino","article_publisher":"https:\/\/www.facebook.com\/vinopp.pervino\/","article_modified_time":"2025-07-14T21:16:27+00:00","og_image":[{"width":191,"height":700,"url":"https:\/\/www.pervino.eu\/wp-content\/uploads\/2025\/07\/pervino_poesia_1.png","type":"image\/png"}],"twitter_card":"summary_large_image","twitter_misc":{"Gesch\u00e4tzte Lesezeit":"1\u00a0Minute"},"schema":{"@context":"https:\/\/schema.org","@graph":[{"@type":"WebPage","@id":"https:\/\/www.pervino.eu\/de\/produkt\/poesia-bijela\/","url":"https:\/\/www.pervino.eu\/de\/produkt\/poesia-bijela\/","name":"Poesia bijela - Pervino","isPartOf":{"@id":"https:\/\/www.pervino.eu\/de\/#website"},"primaryImageOfPage":{"@id":"https:\/\/www.pervino.eu\/de\/produkt\/poesia-bijela\/#primaryimage"},"image":{"@id":"https:\/\/www.pervino.eu\/de\/produkt\/poesia-bijela\/#primaryimage"},"thumbnailUrl":"https:\/\/www.pervino.eu\/wp-content\/uploads\/2025\/07\/pervino_poesia_1.png","datePublished":"2025-03-18T07:08:16+00:00","dateModified":"2025-07-14T21:16:27+00:00","breadcrumb":{"@id":"https:\/\/www.pervino.eu\/de\/produkt\/poesia-bijela\/#breadcrumb"},"inLanguage":"de","potentialAction":[{"@type":"ReadAction","target":["https:\/\/www.pervino.eu\/de\/produkt\/poesia-bijela\/"]}]},{"@type":"ImageObject","inLanguage":"de","@id":"https:\/\/www.pervino.eu\/de\/produkt\/poesia-bijela\/#primaryimage","url":"https:\/\/www.pervino.eu\/wp-content\/uploads\/2025\/07\/pervino_poesia_1.png","contentUrl":"https:\/\/www.pervino.eu\/wp-content\/uploads\/2025\/07\/pervino_poesia_1.png","width":191,"height":700},{"@type":"BreadcrumbList","@id":"https:\/\/www.pervino.eu\/de\/produkt\/poesia-bijela\/#breadcrumb","itemListElement":[{"@type":"ListItem","position":1,"name":"Home","item":"https:\/\/www.pervino.eu\/de\/"},{"@type":"ListItem","position":2,"name":"Shop","item":"https:\/\/www.pervino.eu\/de\/shop\/"},{"@type":"ListItem","position":3,"name":"Poesia bijela"}]},{"@type":"WebSite","@id":"https:\/\/www.pervino.eu\/de\/#website","url":"https:\/\/www.pervino.eu\/de\/","name":"Pervino","description":"Vinarija u Novigradu","publisher":{"@id":"https:\/\/www.pervino.eu\/de\/#organization"},"potentialAction":[{"@type":"SearchAction","target":{"@type":"EntryPoint","urlTemplate":"https:\/\/www.pervino.eu\/de\/?s={search_term_string}"},"query-input":{"@type":"PropertyValueSpecification","valueRequired":true,"valueName":"search_term_string"}}],"inLanguage":"de"},{"@type":"Organization","@id":"https:\/\/www.pervino.eu\/de\/#organization","name":"Pervino","url":"https:\/\/www.pervino.eu\/de\/","logo":{"@type":"ImageObject","inLanguage":"de","@id":"https:\/\/www.pervino.eu\/de\/#\/schema\/logo\/image\/","url":"https:\/\/www.pervino.eu\/wp-content\/uploads\/2018\/03\/pervino_logo.png","contentUrl":"https:\/\/www.pervino.eu\/wp-content\/uploads\/2018\/03\/pervino_logo.png","width":500,"height":490,"caption":"Pervino"},"image":{"@id":"https:\/\/www.pervino.eu\/de\/#\/schema\/logo\/image\/"},"sameAs":["https:\/\/www.facebook.com\/vinopp.pervino\/","https:\/\/www.instagram.com\/pervino_vinopp\/"]}]}},"_links":{"self":[{"href":"https:\/\/www.pervino.eu\/de\/wp-json\/wp\/v2\/product\/3688","targetHints":{"allow":["GET"]}}],"collection":[{"href":"https:\/\/www.pervino.eu\/de\/wp-json\/wp\/v2\/product"}],"about":[{"href":"https:\/\/www.pervino.eu\/de\/wp-json\/wp\/v2\/types\/product"}],"replies":[{"embeddable":true,"href":"https:\/\/www.pervino.eu\/de\/wp-json\/wp\/v2\/comments?post=3688"}],"wp:featuredmedia":[{"embeddable":true,"href":"https:\/\/www.pervino.eu\/de\/wp-json\/wp\/v2\/media\/3307"}],"wp:attachment":[{"href":"https:\/\/www.pervino.eu\/de\/wp-json\/wp\/v2\/media?parent=3688"}],"wp:term":[{"taxonomy":"product_brand","embeddable":true,"href":"https:\/\/www.pervino.eu\/de\/wp-json\/wp\/v2\/product_brand?post=3688"},{"taxonomy":"product_cat","embeddable":true,"href":"https:\/\/www.pervino.eu\/de\/wp-json\/wp\/v2\/product_cat?post=3688"},{"taxonomy":"product_tag","embeddable":true,"href":"https:\/\/www.pervino.eu\/de\/wp-json\/wp\/v2\/product_tag?post=3688"}],"curies":[{"name":"wp","href":"https:\/\/api.w.org\/{rel}","templated":true}]}}