{"id":3686,"date":"2025-03-18T07:55:45","date_gmt":"2025-03-18T06:55:45","guid":{"rendered":"https:\/\/www.pervino.eu\/proizvod\/teraneo-2\/"},"modified":"2025-07-14T22:43:37","modified_gmt":"2025-07-14T20:43:37","slug":"teraneo","status":"publish","type":"product","link":"https:\/\/www.pervino.eu\/de\/produkt\/teraneo\/","title":{"rendered":"Teraneo"},"content":{"rendered":"","protected":false},"excerpt":{"rendered":"<p>Der Wein pr\u00e4sentiert sich in einem wundersch\u00f6nen rubinroten Farbton und entfaltet sich rasch im Glas, wobei er zarte Aromen von kandierten Beeren freisetzt. Noten von frischen Sauerkirschen treten hervor, begleitet von Ankl\u00e4ngen an getrocknete Feigen und Johannisbrot. Anschlie\u00dfend entfalten sich Nuancen von Rosenbl\u00e4ttern, Veilchen und Schokolade, die auf eine reichhaltige aromatische Komplexit\u00e4t hinweisen. Der Wein ist s\u00fc\u00df, leicht und angenehm zu trinken, mit einer teilweise weichen Textur und feiner Frische, erg\u00e4nzt durch angenehme Tannine. Der Wein besitzt eine feine Geschmacksqualit\u00e4t, ist harmonisch und angenehm zu trinken. Im Nachgeschmack zeigt sich eine Note von kandierten Kirschen. Er befindet sich in einem guten Zustand und kann bei richtiger Lagerung noch mehrere Jahre halten.<\/p>\n<p>Serviertemperatur: 14\u201316\u00b0C.<\/p>\n<p>Speisenempfehlung: Dieser Weintyp passt hervorragend zu Desserts wie Schokoladentorte mit Kirschen.<\/p>\n","protected":false},"featured_media":3300,"comment_status":"closed","ping_status":"closed","template":"","meta":{"_acf_changed":false},"product_brand":[],"product_cat":[146],"product_tag":[73,71],"class_list":{"0":"post-3686","1":"product","2":"type-product","3":"status-publish","4":"has-post-thumbnail","6":"product_cat-special-de","7":"product_tag-rotwein","8":"product_tag-trockener-wein","10":"first","11":"instock","12":"taxable","13":"shipping-taxable","14":"purchasable","15":"product-type-simple"},"acf":[],"yoast_head":"<!-- This site is optimized with the Yoast SEO plugin v26.0 - https:\/\/yoast.com\/wordpress\/plugins\/seo\/ -->\n<title>Teraneo - Pervino<\/title>\n<meta name=\"robots\" content=\"index, follow, max-snippet:-1, max-image-preview:large, max-video-preview:-1\" \/>\n<link rel=\"canonical\" href=\"https:\/\/www.pervino.eu\/de\/produkt\/teraneo\/\" \/>\n<meta property=\"og:locale\" content=\"de_DE\" \/>\n<meta property=\"og:type\" content=\"article\" \/>\n<meta property=\"og:title\" content=\"Teraneo - Pervino\" \/>\n<meta property=\"og:description\" content=\"Der Wein pr\u00e4sentiert sich in einem wundersch\u00f6nen rubinroten Farbton und entfaltet sich rasch im Glas, wobei er zarte Aromen von kandierten Beeren freisetzt. Noten von frischen Sauerkirschen treten hervor, begleitet von Ankl\u00e4ngen an getrocknete Feigen und Johannisbrot. Anschlie\u00dfend entfalten sich Nuancen von Rosenbl\u00e4ttern, Veilchen und Schokolade, die auf eine reichhaltige aromatische Komplexit\u00e4t hinweisen. Der Wein ist s\u00fc\u00df, leicht und angenehm zu trinken, mit einer teilweise weichen Textur und feiner Frische, erg\u00e4nzt durch angenehme Tannine. Der Wein besitzt eine feine Geschmacksqualit\u00e4t, ist harmonisch und angenehm zu trinken. Im Nachgeschmack zeigt sich eine Note von kandierten Kirschen. Er befindet sich in einem guten Zustand und kann bei richtiger Lagerung noch mehrere Jahre halten.  Serviertemperatur: 14\u201316\u00b0C.  Speisenempfehlung: Dieser Weintyp passt hervorragend zu Desserts wie Schokoladentorte mit Kirschen.\" \/>\n<meta property=\"og:url\" content=\"https:\/\/www.pervino.eu\/de\/produkt\/teraneo\/\" \/>\n<meta property=\"og:site_name\" content=\"Pervino\" \/>\n<meta property=\"article:publisher\" content=\"https:\/\/www.facebook.com\/vinopp.pervino\/\" \/>\n<meta property=\"article:modified_time\" content=\"2025-07-14T20:43:37+00:00\" \/>\n<meta property=\"og:image\" content=\"https:\/\/www.pervino.eu\/wp-content\/uploads\/2025\/07\/pervino_teraneo_1-1.png\" \/>\n\t<meta property=\"og:image:width\" content=\"186\" \/>\n\t<meta property=\"og:image:height\" content=\"700\" \/>\n\t<meta property=\"og:image:type\" content=\"image\/png\" \/>\n<meta name=\"twitter:card\" content=\"summary_large_image\" \/>\n<meta name=\"twitter:label1\" content=\"Gesch\u00e4tzte Lesezeit\" \/>\n\t<meta name=\"twitter:data1\" content=\"1\u00a0Minute\" \/>\n<script type=\"application\/ld+json\" class=\"yoast-schema-graph\">{\"@context\":\"https:\/\/schema.org\",\"@graph\":[{\"@type\":\"WebPage\",\"@id\":\"https:\/\/www.pervino.eu\/de\/produkt\/teraneo\/\",\"url\":\"https:\/\/www.pervino.eu\/de\/produkt\/teraneo\/\",\"name\":\"Teraneo - Pervino\",\"isPartOf\":{\"@id\":\"https:\/\/www.pervino.eu\/de\/#website\"},\"primaryImageOfPage\":{\"@id\":\"https:\/\/www.pervino.eu\/de\/produkt\/teraneo\/#primaryimage\"},\"image\":{\"@id\":\"https:\/\/www.pervino.eu\/de\/produkt\/teraneo\/#primaryimage\"},\"thumbnailUrl\":\"https:\/\/www.pervino.eu\/wp-content\/uploads\/2025\/07\/pervino_teraneo_1-1.png\",\"datePublished\":\"2025-03-18T06:55:45+00:00\",\"dateModified\":\"2025-07-14T20:43:37+00:00\",\"breadcrumb\":{\"@id\":\"https:\/\/www.pervino.eu\/de\/produkt\/teraneo\/#breadcrumb\"},\"inLanguage\":\"de\",\"potentialAction\":[{\"@type\":\"ReadAction\",\"target\":[\"https:\/\/www.pervino.eu\/de\/produkt\/teraneo\/\"]}]},{\"@type\":\"ImageObject\",\"inLanguage\":\"de\",\"@id\":\"https:\/\/www.pervino.eu\/de\/produkt\/teraneo\/#primaryimage\",\"url\":\"https:\/\/www.pervino.eu\/wp-content\/uploads\/2025\/07\/pervino_teraneo_1-1.png\",\"contentUrl\":\"https:\/\/www.pervino.eu\/wp-content\/uploads\/2025\/07\/pervino_teraneo_1-1.png\",\"width\":186,\"height\":700},{\"@type\":\"BreadcrumbList\",\"@id\":\"https:\/\/www.pervino.eu\/de\/produkt\/teraneo\/#breadcrumb\",\"itemListElement\":[{\"@type\":\"ListItem\",\"position\":1,\"name\":\"Home\",\"item\":\"https:\/\/www.pervino.eu\/de\/\"},{\"@type\":\"ListItem\",\"position\":2,\"name\":\"Shop\",\"item\":\"https:\/\/www.pervino.eu\/de\/shop\/\"},{\"@type\":\"ListItem\",\"position\":3,\"name\":\"Teraneo\"}]},{\"@type\":\"WebSite\",\"@id\":\"https:\/\/www.pervino.eu\/de\/#website\",\"url\":\"https:\/\/www.pervino.eu\/de\/\",\"name\":\"Pervino\",\"description\":\"Vinarija u Novigradu\",\"publisher\":{\"@id\":\"https:\/\/www.pervino.eu\/de\/#organization\"},\"potentialAction\":[{\"@type\":\"SearchAction\",\"target\":{\"@type\":\"EntryPoint\",\"urlTemplate\":\"https:\/\/www.pervino.eu\/de\/?s={search_term_string}\"},\"query-input\":{\"@type\":\"PropertyValueSpecification\",\"valueRequired\":true,\"valueName\":\"search_term_string\"}}],\"inLanguage\":\"de\"},{\"@type\":\"Organization\",\"@id\":\"https:\/\/www.pervino.eu\/de\/#organization\",\"name\":\"Pervino\",\"url\":\"https:\/\/www.pervino.eu\/de\/\",\"logo\":{\"@type\":\"ImageObject\",\"inLanguage\":\"de\",\"@id\":\"https:\/\/www.pervino.eu\/de\/#\/schema\/logo\/image\/\",\"url\":\"https:\/\/www.pervino.eu\/wp-content\/uploads\/2018\/03\/pervino_logo.png\",\"contentUrl\":\"https:\/\/www.pervino.eu\/wp-content\/uploads\/2018\/03\/pervino_logo.png\",\"width\":500,\"height\":490,\"caption\":\"Pervino\"},\"image\":{\"@id\":\"https:\/\/www.pervino.eu\/de\/#\/schema\/logo\/image\/\"},\"sameAs\":[\"https:\/\/www.facebook.com\/vinopp.pervino\/\",\"https:\/\/www.instagram.com\/pervino_vinopp\/\"]}]}<\/script>\n<!-- \/ Yoast SEO plugin. -->","yoast_head_json":{"title":"Teraneo - Pervino","robots":{"index":"index","follow":"follow","max-snippet":"max-snippet:-1","max-image-preview":"max-image-preview:large","max-video-preview":"max-video-preview:-1"},"canonical":"https:\/\/www.pervino.eu\/de\/produkt\/teraneo\/","og_locale":"de_DE","og_type":"article","og_title":"Teraneo - Pervino","og_description":"Der Wein pr\u00e4sentiert sich in einem wundersch\u00f6nen rubinroten Farbton und entfaltet sich rasch im Glas, wobei er zarte Aromen von kandierten Beeren freisetzt. Noten von frischen Sauerkirschen treten hervor, begleitet von Ankl\u00e4ngen an getrocknete Feigen und Johannisbrot. Anschlie\u00dfend entfalten sich Nuancen von Rosenbl\u00e4ttern, Veilchen und Schokolade, die auf eine reichhaltige aromatische Komplexit\u00e4t hinweisen. Der Wein ist s\u00fc\u00df, leicht und angenehm zu trinken, mit einer teilweise weichen Textur und feiner Frische, erg\u00e4nzt durch angenehme Tannine. Der Wein besitzt eine feine Geschmacksqualit\u00e4t, ist harmonisch und angenehm zu trinken. Im Nachgeschmack zeigt sich eine Note von kandierten Kirschen. Er befindet sich in einem guten Zustand und kann bei richtiger Lagerung noch mehrere Jahre halten.  Serviertemperatur: 14\u201316\u00b0C.  Speisenempfehlung: Dieser Weintyp passt hervorragend zu Desserts wie Schokoladentorte mit Kirschen.","og_url":"https:\/\/www.pervino.eu\/de\/produkt\/teraneo\/","og_site_name":"Pervino","article_publisher":"https:\/\/www.facebook.com\/vinopp.pervino\/","article_modified_time":"2025-07-14T20:43:37+00:00","og_image":[{"width":186,"height":700,"url":"https:\/\/www.pervino.eu\/wp-content\/uploads\/2025\/07\/pervino_teraneo_1-1.png","type":"image\/png"}],"twitter_card":"summary_large_image","twitter_misc":{"Gesch\u00e4tzte Lesezeit":"1\u00a0Minute"},"schema":{"@context":"https:\/\/schema.org","@graph":[{"@type":"WebPage","@id":"https:\/\/www.pervino.eu\/de\/produkt\/teraneo\/","url":"https:\/\/www.pervino.eu\/de\/produkt\/teraneo\/","name":"Teraneo - Pervino","isPartOf":{"@id":"https:\/\/www.pervino.eu\/de\/#website"},"primaryImageOfPage":{"@id":"https:\/\/www.pervino.eu\/de\/produkt\/teraneo\/#primaryimage"},"image":{"@id":"https:\/\/www.pervino.eu\/de\/produkt\/teraneo\/#primaryimage"},"thumbnailUrl":"https:\/\/www.pervino.eu\/wp-content\/uploads\/2025\/07\/pervino_teraneo_1-1.png","datePublished":"2025-03-18T06:55:45+00:00","dateModified":"2025-07-14T20:43:37+00:00","breadcrumb":{"@id":"https:\/\/www.pervino.eu\/de\/produkt\/teraneo\/#breadcrumb"},"inLanguage":"de","potentialAction":[{"@type":"ReadAction","target":["https:\/\/www.pervino.eu\/de\/produkt\/teraneo\/"]}]},{"@type":"ImageObject","inLanguage":"de","@id":"https:\/\/www.pervino.eu\/de\/produkt\/teraneo\/#primaryimage","url":"https:\/\/www.pervino.eu\/wp-content\/uploads\/2025\/07\/pervino_teraneo_1-1.png","contentUrl":"https:\/\/www.pervino.eu\/wp-content\/uploads\/2025\/07\/pervino_teraneo_1-1.png","width":186,"height":700},{"@type":"BreadcrumbList","@id":"https:\/\/www.pervino.eu\/de\/produkt\/teraneo\/#breadcrumb","itemListElement":[{"@type":"ListItem","position":1,"name":"Home","item":"https:\/\/www.pervino.eu\/de\/"},{"@type":"ListItem","position":2,"name":"Shop","item":"https:\/\/www.pervino.eu\/de\/shop\/"},{"@type":"ListItem","position":3,"name":"Teraneo"}]},{"@type":"WebSite","@id":"https:\/\/www.pervino.eu\/de\/#website","url":"https:\/\/www.pervino.eu\/de\/","name":"Pervino","description":"Vinarija u Novigradu","publisher":{"@id":"https:\/\/www.pervino.eu\/de\/#organization"},"potentialAction":[{"@type":"SearchAction","target":{"@type":"EntryPoint","urlTemplate":"https:\/\/www.pervino.eu\/de\/?s={search_term_string}"},"query-input":{"@type":"PropertyValueSpecification","valueRequired":true,"valueName":"search_term_string"}}],"inLanguage":"de"},{"@type":"Organization","@id":"https:\/\/www.pervino.eu\/de\/#organization","name":"Pervino","url":"https:\/\/www.pervino.eu\/de\/","logo":{"@type":"ImageObject","inLanguage":"de","@id":"https:\/\/www.pervino.eu\/de\/#\/schema\/logo\/image\/","url":"https:\/\/www.pervino.eu\/wp-content\/uploads\/2018\/03\/pervino_logo.png","contentUrl":"https:\/\/www.pervino.eu\/wp-content\/uploads\/2018\/03\/pervino_logo.png","width":500,"height":490,"caption":"Pervino"},"image":{"@id":"https:\/\/www.pervino.eu\/de\/#\/schema\/logo\/image\/"},"sameAs":["https:\/\/www.facebook.com\/vinopp.pervino\/","https:\/\/www.instagram.com\/pervino_vinopp\/"]}]}},"_links":{"self":[{"href":"https:\/\/www.pervino.eu\/de\/wp-json\/wp\/v2\/product\/3686","targetHints":{"allow":["GET"]}}],"collection":[{"href":"https:\/\/www.pervino.eu\/de\/wp-json\/wp\/v2\/product"}],"about":[{"href":"https:\/\/www.pervino.eu\/de\/wp-json\/wp\/v2\/types\/product"}],"replies":[{"embeddable":true,"href":"https:\/\/www.pervino.eu\/de\/wp-json\/wp\/v2\/comments?post=3686"}],"wp:featuredmedia":[{"embeddable":true,"href":"https:\/\/www.pervino.eu\/de\/wp-json\/wp\/v2\/media\/3300"}],"wp:attachment":[{"href":"https:\/\/www.pervino.eu\/de\/wp-json\/wp\/v2\/media?parent=3686"}],"wp:term":[{"taxonomy":"product_brand","embeddable":true,"href":"https:\/\/www.pervino.eu\/de\/wp-json\/wp\/v2\/product_brand?post=3686"},{"taxonomy":"product_cat","embeddable":true,"href":"https:\/\/www.pervino.eu\/de\/wp-json\/wp\/v2\/product_cat?post=3686"},{"taxonomy":"product_tag","embeddable":true,"href":"https:\/\/www.pervino.eu\/de\/wp-json\/wp\/v2\/product_tag?post=3686"}],"curies":[{"name":"wp","href":"https:\/\/api.w.org\/{rel}","templated":true}]}}